{"id":55,"date":"2021-07-16T11:49:35","date_gmt":"2021-07-16T11:49:35","guid":{"rendered":"https:\/\/slc26-transporters.de\/?page_id=55"},"modified":"2025-11-25T11:26:55","modified_gmt":"2025-11-25T11:26:55","slug":"publications","status":"publish","type":"page","link":"https:\/\/slc26-transporters.de\/index.php\/publications\/","title":{"rendered":"Publications"},"content":{"rendered":"\n<div class=\"wp-block-columns is-layout-flex wp-container-core-columns-is-layout-9d6595d7 wp-block-columns-is-layout-flex\">\n<div class=\"wp-block-column is-layout-flow wp-block-column-is-layout-flow\" style=\"flex-basis:15%\"><\/div>\n\n\n\n<div class=\"wp-block-column is-layout-flow wp-block-column-is-layout-flow\" style=\"flex-basis:70%\">\n<h2 class=\"wp-block-heading\">Project-related publications<\/h2>\n\n\n\n<p>\u2020 &#8212; Denotes 1st authorship<br>\u2021 &#8212; Denotes correspondence<\/p>\n\n\n\n<h2 class=\"wp-block-heading\">2025<\/h2>\n\n\n\n<p><strong><em>N<\/em>-glycans on SLC26A3 do not significantly alter plasma membrane or lipid raft trafficking, but appear to stabilize interdomain contacts to stimulate transport<\/strong><br>Sophie Achilles, Jan-Niklas Tomczak, Fabiane-Samira Baumann, Bassam G. Haddad, Stefan Oswald, Jan-Philipp Machtens, Eric R. Geertsma, Ilka Wittig, Georg Lamprecht<br>01 November 2025 &#8212; <strong>American Journal of Physiology-Gastrointestinal and Liver Physiology<\/strong> &#8212; <a href=\"https:\/\/doi.org\/10.1152\/ajpgi.00362.2024\">DOI<\/a><\/p>\n\n\n\n<p><strong>Calcium-activated chloride channel TMEM16A opens via pi-helical transition in transmembrane segment 4<\/strong><br>Andrei Y. Kostritskii<sup>\u2021<\/sup>, Yulia Kostritskaia, Natalia Dmitrieva, Jan-Philipp Machtens<sup>\u2021<\/sup><br>29 April 2025 &#8212; <strong>PNAS<\/strong> &#8212; <a href=\"https:\/\/doi.org\/10.1073\/pnas.2421900122\">DOI<\/a><\/p>\n\n\n\n<h2 class=\"wp-block-heading\">2024<\/h2>\n\n\n\n<p><strong>Interdomain-linkers control conformational transitions in the SLC23 elevator transporter UraA<\/strong><br>Benedikt T. Kuhn, Jonathan Z\u00f6ller, Iwan Zimmermann, Tim Gemeinhardt, Dogukan H. \u00d6zkul, Julian D. Langer, Markus A. Seeger, Eric R. Geertsma<sup>\u2021<\/sup><br>30 August 2024 &#8212; <strong>Nature Communications<\/strong> &#8212; <a href=\"https:\/\/doi.org\/10.1038\/s41467-024-51814-8\">DOI<\/a><\/p>\n\n\n\n<p><strong>Oligomerization and cellular localization of SLC26A11<\/strong><br>Stephanie Bungert-Pluemke, Raul E. Guzman, Christoph Fahlke<sup>\u2021<\/sup><br>01 May 2024 &#8212; <strong>BioRxiv<\/strong> &#8212; <a href=\"https:\/\/doi.org\/10.1101\/2024.04.29.591613\">DOI<\/a><\/p>\n\n\n\n<p><strong>Urinary acid-base excretion deciphers high acid load from colonic bicarbonate loss in intestinal failure patients with ileocolonic anastomosis &#8211; Guidance for composition of parenteral support<\/strong><br>Robert H. Foerster, Georg Lamprecht<sup>\u2021<\/sup>, Karen Rischmueller, Peggy Berlin, Amalie Q. Rousing, Mads V. Sorensen, Jens Leipziger, Peder Berg<br>29 March 2024 &#8212; <strong>Clinical Nutrition<\/strong> &#8212; <a href=\"https:\/\/doi.org\/10.1016\/j.clnu.2024.03.007\" target=\"_blank\" rel=\"noreferrer noopener\">DOI<\/a><\/p>\n\n\n\n<p><strong>Chloride binding and cholesterol effects on high frequency complex nonlinear capacitance (cNLC) in the mouse outer hair cell: experiment and molecular dynamics<\/strong><br>Jun-Ping Bai, Chenou Zhang, Vijay Renigunta, Dominik Oliver, Dhasakumar Navaratnam, Oliver Beckstein, Joseph Santos-Sacchi<sup>\u2021<\/sup><br>31 January 2024 &#8212; <strong>BioRxiv<\/strong> &#8212; <a href=\"https:\/\/doi.org\/10.1101\/2024.01.29.577264\">DOI (pre-print)<\/a><\/p>\n\n\n\n<p><strong>Reduced surface pH and upregulated AE2 anion exchange in <em>SLC26A3<\/em>-deleted polarized intestinal epithelial cells<\/strong><br>Mahdi Amiri, Min Jiang, Azam Salari, Renjie Xiu, Seth L Alper, and Ursula E. Seidler<sup>\u2021<\/sup><br>15 January 2024 &#8212; <strong>American Journal of Physiology: Cell Physiology<\/strong> &#8212; <a href=\"https:\/\/doi.org\/10.1152\/ajpcell.00590.2023\" target=\"_blank\" rel=\"noreferrer noopener\">DOI<\/a><\/p>\n\n\n\n<h2 class=\"wp-block-heading\">2023<\/h2>\n\n\n\n<p><strong>SLC26 Anion Transporters<\/strong><br>Eric R. Geertsma<sup>\u2021<\/sup> &amp; Dominik Oliver<sup>\u2021<\/sup><br>11 November 2023 &#8212; <strong>Anion Channels and Transporters<\/strong> &#8212; <a href=\"https:\/\/doi.org\/10.1007\/164_2023_698\" target=\"_blank\" rel=\"noreferrer noopener\">DOI<\/a><\/p>\n\n\n\n<p><strong>Elevator-like movements of prestin mediate outer hair cell electromotility <\/strong><br>Makoto F. Kuwabara<sup>\u2020<\/sup>, Bassam G. Haddad<sup>\u2020<\/sup>, Dominik Lenz-Schwab<sup>\u2020<\/sup>, Julia Hartmann<sup>\u2020<\/sup>, Piersilvio Longo, Britt-Marie Huckschlag, Anneke Fu\u00df, Annalisa Questino, Thomas K. Berger, Jan-Philipp Machtens<sup>\u2021<\/sup>, &amp; Dominik Oliver<sup>\u2021<\/sup><br>6 November 2023 &#8212; <strong>Nature Communications<\/strong> &#8212; <a href=\"https:\/\/doi.org\/10.1038\/s41467-023-42489-8\" target=\"_blank\" rel=\"noreferrer noopener\">DOI<\/a><\/p>\n\n\n\n<p><strong>Hypoxia induced deregulation of sphingolipids in colon cancer is a prognostic marker for patient outcome<\/strong><br>Khadija El Hindi,&nbsp;Sebastian Brachtendorf,&nbsp;Jennifer C Hartel,&nbsp;Christoph Renn\u00e9,&nbsp;Kerstin Birod,&nbsp;Karin Schilling,&nbsp;Sandra Labocha,&nbsp;Dominique Thomas,&nbsp;Nerea Ferreir\u00f3s,&nbsp;Lisa Hahnefeld,&nbsp;Erika Dorochow,&nbsp;Domenico Del Turco,&nbsp;Thomas Deller,&nbsp;Klaus Scholich,&nbsp;Dominik C Fuhrmann,&nbsp;Andreas Weigert,&nbsp;Bernhard Br\u00fcne,&nbsp;Gerd Geisslinger,&nbsp;Ilka Wittig,&nbsp;Karl-Heinrich Link,&nbsp;Sabine Gr\u00f6sch<sup>\u2021<\/sup><br>04 October 2023 &#8212; <strong>Biochimica et Biophysica Acta: Molecular Basis of Disease<\/strong> &#8212; <a href=\"https:\/\/doi.org\/10.1016\/j.bbadis.2023.166906\" data-type=\"link\" data-id=\"https:\/\/doi.org\/10.1016\/j.bbadis.2023.166906\" target=\"_blank\" rel=\"noreferrer noopener\">DOI<\/a><\/p>\n\n\n\n<p><strong>The Anion Channel TMEM16a\/Ano1 Modulates CFTR Activity, but Does Not Function as an Apical Anion Channel in Colonic Epithelium from Cystic Fibrosis Patients and Healthy Individuals<\/strong><br>Azam Salari, Renjie Xiu, Mahdi Amiri, Sophia Theres Pallenberg, Rainer Schreiber, Anna-Maria Dittrich, Burkhard T\u00fcmmler, Karl Kunzelmann, and Ursula Seidler<sup>\u2021<\/sup><br>18 September 2023 &#8212; <strong>International Journal of Molecular Sciences<\/strong> &#8212; <a href=\"https:\/\/doi.org\/10.3390\/ijms241814214\" target=\"_blank\" rel=\"noreferrer noopener\">DOI<\/a><\/p>\n\n\n\n<p><strong>Expanding the phenotypic and biochemical spectrum of NDUFAF3-related mitochondrial disease<\/strong><br>Amelie T van der Ven,&nbsp;Alfredo Cabrera-Orefice,&nbsp;Isabell Wente,&nbsp;Ren\u00e9 G Feichtinger,&nbsp;Konstantinos Tsiakas,&nbsp;Deike Weiss,&nbsp;Tatjana Bierhals,&nbsp;Leila Scholle,&nbsp;Holger Prokisch,&nbsp;Robert Kopajtich,&nbsp;Ren\u00e9 Santer,&nbsp;Johannes A Mayr,&nbsp;Maja Hempel,&nbsp;Ilka Wittig<sup>\u2021<\/sup><br>10 August 2023 &#8212; <strong>Molecular Genetics and Metabolism<\/strong> &#8212; <a href=\"https:\/\/doi.org\/10.1016\/j.ymgme.2023.107675\">DOI<\/a><\/p>\n\n\n\n<p><strong>Dual-color Colocalization in Single-molecule Localization Microscopy to Determine the Oligomeric State of Proteins in the Plasma Membrane<\/strong><br>Hua Leonhard Tan<sup>\u2021<\/sup>, Stefanie Bungert-Pl\u00fcmke, Daniel Kortzak, Christoph Fahlke, Gabriel St\u00f6lting<br>5 July 2023 &#8212; <strong>Bio-Protocol<\/strong> &#8212; <a href=\"https:\/\/doi.org\/10.21769\/BioProtoc.4749\">DOI<\/a><\/p>\n\n\n\n<p><strong>Domain- and state-specific shape of the electric field tunes voltage sensing in voltage-gated sodium channels<\/strong><br>Andrei Kostritskii &amp; Jan-Philipp Machtens<sup>\u2021<\/sup><br>16 May 2023 &#8212; <strong>Biophysical Journal<\/strong> &#8212; <a href=\"https:\/\/doi.org\/10.1016\/j.bpj.2023.04.013\" target=\"_blank\" rel=\"noreferrer noopener\">DOI<\/a><\/p>\n\n\n\n<p><strong>Diclofenac and other non-steroidal anti-inflammatory drugs (NSAIDs) are competitive antagonists of the human P2X3 receptor.<\/strong><br>Laura Grohs, Linhan Cheng, Saskia C\u00f6nen, Bassam G. Haddad, Astrid B\u00fclow, Idil Toklucu, Lisa Ernst, Jannis K\u00f6rner, G\u00fcnther Schmalzing, Angelika Lampert, Jan-Philipp Machtens and Ralf Hausmann<sup>\u2021<\/sup><br>16 March 2023 &#8212; <strong>Frontiers in Pharmacology<\/strong> &#8212; <a href=\"https:\/\/doi.org\/10.3389\/fphar.2023.1120360\" target=\"_blank\" rel=\"noreferrer noopener\">DOI<\/a><\/p>\n\n\n\n<p><strong>Human Colonoid\u2013Myofibroblast Coculture for Study of Apical Na<sup>+<\/sup>\/H<sup>+<\/sup> Exchangers of the Lower Cryptal Neck Region<\/strong><br>Azam Salari, Kunyan Zhou, Katerina Nikolovska, Ursula Seidler<sup>\u2021<\/sup>, and Mahdi Amiri<sup>\u2021<\/sup><br>21 February 2023 &#8212; <strong>International Journal of Molecular Sciences<\/strong> &#8212; <a href=\"https:\/\/doi.org\/10.3390\/ijms24054266\" target=\"_blank\" rel=\"noreferrer noopener\">DOI<\/a><\/p>\n\n\n\n<h2 class=\"wp-block-heading\">2022<\/h2>\n\n\n\n<p><strong>Insights into complex I assembly: Function of NDUFAF1 and a link with cardiolipin remodeling<\/strong><br>Jonathan&nbsp;Schiller,&nbsp;Eike Laube,&nbsp;Ilka Wittig,&nbsp;Werner K\u00fchlbrandt,&nbsp;Janet Vonck, and&nbsp;Volker&nbsp;Zickermann<sup>\u2021<\/sup><br>06 November 2022 &#8212; <strong>Science Structural Biology<\/strong> &#8212; <a href=\"DOI: 10.1126\/sciadv.add3855\">DOI<\/a>&nbsp;<\/p>\n\n\n\n<p><strong>Dual-color Colocalization in Single-molecule Localization Microscopy to Determine the Oligomeric State of Proteins in the Plasma Membrane.<\/strong><br>Hua Leonhard Tan, Stefanie Bungert-Pl\u00fcmke, Daniel Kortzak, Christoph Fahlke, and Gabriel St\u00f6lting<sup>\u2021<\/sup><br>07 October 2022 &#8212; <strong>eLife<\/strong> &#8212; <a href=\"https:\/\/doi.org\/10.7554\/eLife.76631\">DOI<\/a><\/p>\n\n\n\n<p><strong>Progress in understanding the structural mechanism underlying prestin&#8217;s electromotile activity.<\/strong><br>Dominik Lenz-Schwab &amp; Dominik Oliver<sup>\u2021<\/sup><br>15 September 2022 &#8212; <strong>Hearing Research<\/strong> &#8212; <a href=\"https:\/\/doi.org\/10.1016\/j.heares.2021.108423\" target=\"_blank\" rel=\"noreferrer noopener\">DOI<\/a><\/p>\n\n\n\n<p><strong>The NHE3 Inhibitor Tenapanor Prevents Intestinal Obstructions in CFTR-Deleted Mice<\/strong><br>Xinjie Tan, Archana Kini, Dorothee R\u00f6mermann,&nbsp;Ursula Seidler<sup>\u2021<\/sup><br>1 September 2022 &#8212; <strong>International Journal of Molecular Sciences<\/strong> &#8212; <a href=\"https:\/\/doi.org\/10.3390\/ijms23179993\" target=\"_blank\" rel=\"noreferrer noopener\">DOI<\/a><\/p>\n\n\n\n<p><strong>SLC26A9 deficiency causes gastric intraepithelial neoplasia in mice and aggressive gastric cancer in humans.<\/strong><br>Xuemei Liu, Ursula Seidler, BioGuang Tuo<sup>\u2021<\/sup><br>14 April 2022 &#8212; <strong>Cellular Oncology<\/strong> &#8212; <a href=\"https:\/\/doi.org\/10.1007\/s13402-022-00672-x\" target=\"_blank\" rel=\"noreferrer noopener\">DOI<\/a><\/p>\n\n\n\n<p><strong>Upregulation of antimicrobial peptide expression in slc26a3-\/- mice with colonic dysbiosis and barrier defect.<\/strong><br>Archana Kinia, Bei Zhaob, Marijana Basicc, Urmi Royb, Aida Iljazovicb, Ivan Odakd, Zhenghao Yea, Brigitte Riederera, Gabriella Di Stefanoa, Dorothee R\u00f6mermanna, Christian Koenecked, Andr\u00e9 Bleichc, Till Strowigb, Ursula Seidler<sup>\u2021<\/sup><br>01 March 2022 &#8212; <strong>Gut Microbes<\/strong> &#8212; <a href=\"https:\/\/doi.org\/10.1080\/19490976.2022.2041943\" target=\"_blank\" rel=\"noreferrer noopener\">DOI<\/a><\/p>\n\n\n\n<p><strong>A Novel Homozygous KLHL3 Mutation as a Cause of Autosomal Recessive Pseudohypoaldosteronism Type II Diagnosed Late in Life.<\/strong><br>Annika Etges, Nicole Hellmig, Gudrun Walenda, Bassam G. Haddad, Jan-Philipp Machtens, Thomas Morosan, Lars Christian Rump, Ute I. Scholl<sup>\u2021<\/sup><br>28 January 2022 &#8212; <strong>Nephron<\/strong> &#8212; <a href=\"https:\/\/doi.org\/10.1159\/000521626\" target=\"_blank\" rel=\"noreferrer noopener\">DOI<\/a><\/p>\n\n\n\n<p><strong>Sodium\/hydrogen-exchanger-2 modulates colonocyte lineage differentiation.<\/strong><br>Katerina Nikolovska, Li Cao, Inga Hensel, Gabriella Di Stefano,<br>Anna Elisabeth Seidler, Kunyan Zhou, Jiajie Qian, Anurag Kumar Singh, Brigitte Riederer, Ursula Seidler<sup>\u2021<\/sup><br>1 January 2022 &#8212; <strong>Acta Physiologica<\/strong> &#8212; <a href=\"https:\/\/doi.org\/10.1111\/apha.13774\" target=\"_blank\" rel=\"noreferrer noopener\">DOI<\/a><\/p>\n\n\n\n<h2 class=\"wp-block-heading\">2021<\/h2>\n\n\n\n<p><strong>Aging of&nbsp;<em>Podospora anserina<\/em>&nbsp;Leads to Alterations of OXPHOS and the Induction of Non-Mitochondrial Salvage Pathways<\/strong><br>Verena Warnsmann, Jana Meisterknecht, Ilka Wittig&nbsp;and Heinz D. Osiewacz<sup>\u2021<\/sup><br>26 November 2021 &#8212; <strong>Cells<\/strong> &#8212; <a href=\"https:\/\/doi.org\/10.3390\/cells10123319\">DOI<\/a><\/p>\n\n\n\n<p><strong>Hydrokinetic pancreatic function and insulin secretion are<br>moduled by Cl\u2212 uniporter Slc26a9 in mice<\/strong><br>Taolang Li, Gabriella di Stefano, Ghulam S. Raza, Ines Sommerer, Brigitte Riederer, Dorothee R\u00f6mermann, Xinjie Tan, Qinghai Tan, Petra Pallagi, Marcus Hollenbach, Karl-Heinz Herzig, Ursula Seidler<sup>\u2021<\/sup><br>04 September 2021 &#8212; <strong>Acta Physiologica<\/strong> &#8212; <a href=\"https:\/\/pubmed.ncbi.nlm.nih.gov\/34525257\/\" target=\"_blank\" rel=\"noreferrer noopener\">DOI<\/a><\/p>\n\n\n\n<p><strong>Complexome Profiling: Assembly and Remodeling of Protein Complexes<\/strong><br>Ilka Wittig<sup>\u2021<\/sup> and Pedro Felipe Malacarne<br>21 July 2021 &#8212; <strong>International Journal of Molecular Sciences<\/strong> &#8212; <a href=\"https:\/\/doi.org\/10.3390\/ijms22157809\">DOI<\/a><a href=\"mailto:malacarne@vrc.uni-frankfurt.de\"><\/a><\/p>\n\n\n\n<p><strong>Molecular mechanisms of ion conduction and ion selectivity in TMEM16 lipid scramblases.<\/strong><br>Andrei Kostritskii &amp; Jan-Philipp Machtens<sup>\u2021<\/sup><br>14 May 2021 &#8212; <strong>Nature Communications<\/strong> &#8212; <a href=\"https:\/\/www.nature.com\/articles\/s41467-021-22724-w\" target=\"_blank\" rel=\"noreferrer noopener\">DOI<\/a><\/p>\n\n\n\n<p><strong>g_elpot: A Tool for Quantifying Biomolecular Electrostatics from Molecular Dynamics Trajectories.<\/strong><br>Andrei Kostritskii, Claudia Alleva, Saskia C\u00f6nen, Jan-Philipp Machtens<sup>\u2021<\/sup><br>11 May 2021 &#8212; <strong>Journal of Chemical Theory &amp; Computation<\/strong> &#8212; <a href=\"https:\/\/pubmed.ncbi.nlm.nih.gov\/33914551\/\" target=\"_blank\" rel=\"noreferrer noopener\">DOI<\/a><\/p>\n\n\n\n<h2 class=\"wp-block-heading\">2020<\/h2>\n\n\n\n<p><strong>Recent advances in cochlear hair cell nanophysiology: subcellular compartmentalization of electrical signaling in compact sensory cells<\/strong><br>Thomas Effertz, Tobias Moser<sup>\u2021<\/sup>, Dominik Oliver<sup>\u2021<\/sup><br>21 December 2020 &#8212; <strong>H1 Connect<\/strong> &#8212; <a href=\"https:\/\/doi.org\/10.12703\/r\/9-24\">DOI<\/a><\/p>\n\n\n\n<h2 class=\"wp-block-heading\">2019<\/h2>\n\n\n\n<p><strong>Allosteric gate modulation confers K+ coupling in glutamate transporters<\/strong><br>Daniel Kortzak, Claudia Alleva, Ingo Weyand, David Ewers, Meike I Zimmermann, Arne Franzen, Jan-Philipp Machtens<sup>\u2021<\/sup>, Christoph Fahlke<sup>\u2021<\/sup><br>10 September 2019 &#8212; <strong>The EMBO Journal<\/strong> &#8212; <a href=\"https:\/\/www.embopress.org\/doi\/full\/10.15252\/embj.2019101468\" target=\"_blank\" rel=\"noreferrer noopener\">DOI<\/a><\/p>\n\n\n\n<p><strong>Structural basis for functional interactions in dimers of SLC26 transporters.<\/strong><br>Yung-Ning Chang<sup>\u2020<\/sup>, Eva A. Jaumann<sup>\u2020<\/sup>, Katrin Reichel<sup>\u2020<\/sup>, Julia Hartmann, Dominik Oliver, Gerhard Hummer<sup>\u2021<\/sup>, Benesh Joseph<sup>\u2021<\/sup>, Eric R. Geertsma<sup>\u2021<\/sup><br>02 May 2019 &#8212; <strong>Nature Communications<\/strong> &#8212; <a href=\"https:\/\/www.nature.com\/articles\/s41467-019-10001-w\" target=\"_blank\" rel=\"noreferrer noopener\">DOI<\/a><\/p>\n\n\n\n<h2 class=\"wp-block-heading\">2015<\/h2>\n\n\n\n<p><strong>Structure of a prokaryotic fumarate transporter reveals the architecture of the SLC26 family<\/strong><br>Eric R. Geertsma<sup>\u2021<\/sup>, Yung-Ning Chang, Farooque R. Shaik, Yvonne Neldner, Els Pardon, Jan Steyaert, Raimund Dutzler<sup>\u2021<\/sup><br>14 September 2015 &#8212; <strong>Nature Structural &amp; Molecular Biology<\/strong> &#8212; <a href=\"https:\/\/www.nature.com\/articles\/nsmb.3091\" target=\"_blank\" rel=\"noreferrer noopener\">DOI<\/a><\/p>\n\n\n\n<p><strong>Mechanisms of anion conduction by coupled glutamate transporters.  <\/strong><br>Jan-Philipp Machtens, Daniel Kortzak, Christine Lansche, Ariane Leinenweber, Petra Kilian, Birgit Begemann, Ulrich Zachariae, David Ewers, Bert L. de Groot, Rodolfo Briones, Christoph Fahlke<sup>\u2021<\/sup><br>29 January 2015 &#8212; <strong>Cell<\/strong> &#8212; <a href=\"https:\/\/www.sciencedirect.com\/science\/article\/pii\/S0092867414016419?via%3Dihub\" target=\"_blank\" rel=\"noreferrer noopener\">DOI<\/a><\/p>\n\n\n\n<h2 class=\"wp-block-heading\">2014<\/h2>\n\n\n\n<p><strong>Molecular architecture and the structural basis for anion interaction in prestin and SLC26 transporters.<\/strong><br>Dmitry Gorbunov, Mattia Sturlese, Florian Nies, Murielle Kluge, Massimo Bellanda, Roberto Battistutta, Dominik Oliver<sup>\u2021<\/sup><br>08 April 2014 &#8212; <strong>Nature Communications<\/strong> &#8212; <a href=\"https:\/\/doi.org\/10.1038\/ncomms4622\" target=\"_blank\" rel=\"noreferrer noopener\">DOI<\/a><\/p>\n\n\n\n<h2 class=\"wp-block-heading\">2013<\/h2>\n\n\n\n<p><strong>The PDZ-interaction of the intestinal anion exchanger downregulated in adenoma (DRA; SLC26A3) facilitates its movement into Rab11apositive recycling endosomes.<\/strong><br>Simone Lissner, Chih-Jen Hsieh, L Nold, Karen Bannert, Peggy Bodammer, Ahmed Sultan, Ursula Seidler, Lutz Graeve and Georg Lamprecht<sup>\u2021<\/sup><br>11 April 2013 &#8212; <strong>American Journal of Physiology: Gastrointestinal and Liver Physiology<\/strong> &#8212; <a href=\"https:\/\/journals.physiology.org\/doi\/pdf\/10.1152\/ajpgi.00132.2012\" target=\"_blank\" rel=\"noreferrer noopener\">DOI<\/a><\/p>\n\n\n\n<h2 class=\"wp-block-heading\">2012<\/h2>\n\n\n\n<p><strong>SLC26A9-mediated chloride secretion prevents mucus obstruction in airway inflammation.<\/strong> <br>Pinelopi Anagnostopoulou, Brigitte Riederer, Julia Duerr, Sven Michel, Aristea Binia, Raman Agrawal, Xuemei Liu, Katrin Kalitzki, Fang Xiao, Mingmin Chen, Jolanthe Schatterny, Dorothee Hartmann, Thomas Thum, Michael Kabesch, Manoocher Soleimani, Ursula Seidler<sup>\u2021<\/sup>, and Marcus A. Mall<sup>\u2021<\/sup><br>04 September 2012 &#8212; <strong>The Journal of Clinical Investigation <\/strong>&#8212; <a href=\"https:\/\/doi.org\/10.1172\/JCI60429\" target=\"_blank\" rel=\"noreferrer noopener\">DOI<\/a><\/p>\n\n\n\n<h2 class=\"wp-block-heading\">2011<\/h2>\n\n\n\n<p><strong>A synthetic prestin reveals protein domains and molecular operation of outer hair cell piezoelectricity.<\/strong><br>Thorsten J. Schaechinger, Dmitry Gorbunov, Christian R. Halaszovich, Tobias Moser, Sebastian Kugler, Bernd Fakler, Dominik Oliver<sup>\u2021<\/sup><br>24 June 2011 &#8212; <strong>The EMBO Journal<\/strong> &#8212; <a href=\"https:\/\/www.embopress.org\/doi\/full\/10.1038\/emboj.2011.202\" target=\"_blank\" rel=\"noreferrer noopener\">DOI<\/a><\/p>\n\n\n\n<h2 class=\"wp-block-heading\">2008<\/h2>\n\n\n\n<p><strong>Conserved Dimeric Subunit Stoichiometry of SLC26 Multifunctional Anion Exchangers.<\/strong><br>Silvia Detro-Dassen, Michael Schanzler, Heike Lauks, Ina Martin, Sonja Meyer zu Berstenhorst, Doreen Nothmann, Delany Torres-Salazar, Patricia Hidalgo, G\u00fcnther Schmalzing G, Christoph Fahlke <br>15 February 2008 &#8212; <strong>Journal of Biological Chemistry<\/strong> &#8212; <a href=\"https:\/\/www.sciencedirect.com\/science\/article\/pii\/S0021925820697289?via%3Dihub\" target=\"_blank\" rel=\"noreferrer noopener\">DOI<\/a><\/p>\n\n\n\n<h2 class=\"wp-block-heading\">2007<\/h2>\n\n\n\n<p><strong>Involvement of the anion exchanger SLC26A6 in prostaglandin E2- but not forskolinstimulated duodenal HCO3- secretion.<\/strong><br>BiGuang Tuo, Brigitte Riederer, Zhaohui Wang, William H. Colledge, Manoocher Soleimani, Ursula Seidler<br>2 February 2006 &#8212; <strong>Gastroenterology<\/strong> &#8212; <a href=\"https:\/\/www.sciencedirect.com\/science\/article\/pii\/S0016508505021736?via%3Dihub\" target=\"_blank\" rel=\"noreferrer noopener\">DOI<\/a><\/p>\n<\/div>\n\n\n\n<div class=\"wp-block-column is-layout-flow wp-block-column-is-layout-flow\" style=\"flex-basis:15%\">\n<p><\/p>\n<\/div>\n<\/div>\n\n\n\n<p><\/p>\n","protected":false},"excerpt":{"rendered":"<p>Project-related publications \u2020 &#8212; Denotes 1st authorship\u2021 &#8212; Denotes correspondence 2025 N-glycans on SLC26A3 do not significantly alter plasma membrane or lipid raft trafficking, but appear to stabilize interdomain contacts to stimulate transportSophie Achilles, Jan-Niklas Tomczak, Fabiane-Samira Baumann, Bassam G. Haddad, Stefan Oswald, Jan-Philipp Machtens, Eric R. Geertsma, Ilka Wittig, Georg Lamprecht01 November 2025 &#8212; [&hellip;]<\/p>\n","protected":false},"author":1,"featured_media":0,"parent":0,"menu_order":0,"comment_status":"closed","ping_status":"closed","template":"","meta":{"footnotes":""},"class_list":["post-55","page","type-page","status-publish","hentry"],"_links":{"self":[{"href":"https:\/\/slc26-transporters.de\/index.php\/wp-json\/wp\/v2\/pages\/55","targetHints":{"allow":["GET"]}}],"collection":[{"href":"https:\/\/slc26-transporters.de\/index.php\/wp-json\/wp\/v2\/pages"}],"about":[{"href":"https:\/\/slc26-transporters.de\/index.php\/wp-json\/wp\/v2\/types\/page"}],"author":[{"embeddable":true,"href":"https:\/\/slc26-transporters.de\/index.php\/wp-json\/wp\/v2\/users\/1"}],"replies":[{"embeddable":true,"href":"https:\/\/slc26-transporters.de\/index.php\/wp-json\/wp\/v2\/comments?post=55"}],"version-history":[{"count":49,"href":"https:\/\/slc26-transporters.de\/index.php\/wp-json\/wp\/v2\/pages\/55\/revisions"}],"predecessor-version":[{"id":711,"href":"https:\/\/slc26-transporters.de\/index.php\/wp-json\/wp\/v2\/pages\/55\/revisions\/711"}],"wp:attachment":[{"href":"https:\/\/slc26-transporters.de\/index.php\/wp-json\/wp\/v2\/media?parent=55"}],"curies":[{"name":"wp","href":"https:\/\/api.w.org\/{rel}","templated":true}]}}